{"id":72,"date":"2025-01-24T13:22:04","date_gmt":"2025-01-24T12:22:04","guid":{"rendered":"https:\/\/souldance.be\/?page_id=72"},"modified":"2025-10-21T17:30:43","modified_gmt":"2025-10-21T15:30:43","slug":"integratieve-psychotherapie-i-v","status":"publish","type":"page","link":"https:\/\/souldance.be\/fr\/home-of-centering\/groepspraktijk\/integratieve-psychotherapie-i-v\/","title":{"rendered":"Integratieve psychotherapie I.V."},"content":{"rendered":"<div data-elementor-type=\"wp-page\" data-elementor-id=\"72\" class=\"elementor elementor-72\" data-elementor-post-type=\"page\">\n\t\t\t\t<div data-dce-background-image-url=\"https:\/\/souldance.be\/wp-content\/uploads\/2025\/02\/BG-shape-10-1.svg\" class=\"elementor-element elementor-element-c17917c e-flex e-con-boxed e-con e-parent\" data-id=\"c17917c\" data-element_type=\"container\" data-settings=\"{&quot;background_background&quot;:&quot;classic&quot;}\">\n\t\t\t\t\t<div class=\"e-con-inner\">\n\t\t<div class=\"elementor-element elementor-element-907dc17 e-con-full e-flex e-con e-child\" data-id=\"907dc17\" data-element_type=\"container\">\n\t\t\t\t<div class=\"elementor-element elementor-element-9347198 elementor-widget__width-auto elementor-invisible elementor-widget elementor-widget-dce-breadcrumbs\" data-id=\"9347198\" data-element_type=\"widget\" data-settings=\"{&quot;_animation&quot;:&quot;fadeIn&quot;}\" data-widget_type=\"dce-breadcrumbs.default\">\n\t\t\t\t<div class=\"elementor-widget-container\">\n\t\t\t\t\t<ul><li class=\"item-parent item-parent-14\"><a class=\"bread-parent bread-parent-14\" href=\"https:\/\/souldance.be\/fr\/\" title=\"Home of Centering\">Home of Centering<\/a><\/li><li class=\"separator separator-14\"> <span class=\"dce-separator\"> &gt; <\/span> <\/li><li class=\"item-parent item-parent-31\"><a class=\"bread-parent bread-parent-31\" href=\"https:\/\/souldance.be\/fr\/home-of-centering\/groepspraktijk\/\" title=\"Groepspraktijk\">Groepspraktijk<\/a><\/li><li class=\"separator separator-31\"> <span class=\"dce-separator\"> &gt; <\/span> <\/li><li class=\"item-current item-72\"><span title=\"Integratieve psychotherapie I.V.\"> Integratieve psychotherapie I.V.<\/span><\/li><\/ul>\t\t\t\t<\/div>\n\t\t\t\t<\/div>\n\t\t\t\t<\/div>\n\t\t<div class=\"elementor-element elementor-element-070cec0 e-con-full e-flex e-con e-child\" data-id=\"070cec0\" data-element_type=\"container\">\n\t\t<div class=\"elementor-element elementor-element-f3279ac e-con-full e-flex e-con e-child\" data-id=\"f3279ac\" data-element_type=\"container\">\n\t\t<div class=\"elementor-element elementor-element-c3b3946 e-con-full e-flex e-con e-child\" data-id=\"c3b3946\" data-element_type=\"container\">\n\t\t<div class=\"elementor-element elementor-element-894cef7 e-con-full e-flex e-con e-child\" data-id=\"894cef7\" data-element_type=\"container\">\n\t\t\t\t<div class=\"elementor-element elementor-element-26dbf2d elementor-nav-menu--dropdown-none elementor-nav-menu__align-start elementor-widget-mobile__width-auto elementor-widget__width-auto elementor-widget elementor-widget-nav-menu\" data-id=\"26dbf2d\" data-element_type=\"widget\" data-settings=\"{&quot;layout&quot;:&quot;vertical&quot;,&quot;_animation_tablet&quot;:&quot;slideInUp&quot;,&quot;submenu_icon&quot;:{&quot;value&quot;:&quot;&lt;i class=\\&quot;fas fa-caret-down\\&quot; aria-hidden=\\&quot;true\\&quot;&gt;&lt;\\\/i&gt;&quot;,&quot;library&quot;:&quot;fa-solid&quot;}}\" data-widget_type=\"nav-menu.default\">\n\t\t\t\t<div class=\"elementor-widget-container\">\n\t\t\t\t\t\t\t\t<nav aria-label=\"Menu\" class=\"elementor-nav-menu--main elementor-nav-menu__container elementor-nav-menu--layout-vertical e--pointer-none\">\n\t\t\t\t<ul id=\"menu-1-26dbf2d\" class=\"elementor-nav-menu sm-vertical\"><li class=\"menu-item menu-item-type-post_type menu-item-object-page menu-item-131\"><a href=\"https:\/\/souldance.be\/fr\/home-of-centering\/groepspraktijk\/ons-team\/\" class=\"elementor-item\">Ons team<\/a><\/li>\n<li class=\"menu-item menu-item-type-post_type menu-item-object-page menu-item-129\"><a href=\"https:\/\/souldance.be\/fr\/home-of-centering\/groepspraktijk\/centering-practioner\/\" class=\"elementor-item\">Centering practioner<\/a><\/li>\n<li class=\"menu-item menu-item-type-post_type menu-item-object-page menu-item-128\"><a href=\"https:\/\/souldance.be\/fr\/home-of-centering\/groepspraktijk\/centering-coach\/\" class=\"elementor-item\">Centering coach<\/a><\/li>\n<li class=\"menu-item menu-item-type-post_type menu-item-object-page menu-item-127\"><a href=\"https:\/\/souldance.be\/fr\/home-of-centering\/groepspraktijk\/adem-relaxatietherapie\/\" class=\"elementor-item\">Adem- &amp; relaxatietherapie<\/a><\/li>\n<li class=\"menu-item menu-item-type-post_type menu-item-object-page menu-item-133\"><a href=\"https:\/\/souldance.be\/fr\/home-of-centering\/groepspraktijk\/integratieve-psychotherapie-i-v\/\" class=\"elementor-item\">Integratieve psychotherapie I.V.<\/a><\/li>\n<li class=\"menu-item menu-item-type-post_type menu-item-object-page menu-item-130\"><a href=\"https:\/\/souldance.be\/fr\/home-of-centering\/groepspraktijk\/muziektherapie\/\" class=\"elementor-item\">Muziektherapie<\/a><\/li>\n<li class=\"menu-item menu-item-type-post_type menu-item-object-page menu-item-132\"><a href=\"https:\/\/souldance.be\/fr\/home-of-centering\/groepspraktijk\/osteopathie\/\" class=\"elementor-item\">Osteopathie<\/a><\/li>\n<li class=\"menu-item menu-item-type-post_type menu-item-object-page menu-item-134\"><a href=\"https:\/\/souldance.be\/fr\/home-of-centering\/groepspraktijk\/therapy-in-motion\/\" class=\"elementor-item\">Therapy in motion<\/a><\/li>\n<\/ul>\t\t\t<\/nav>\n\t\t\t\t\t\t<nav class=\"elementor-nav-menu--dropdown elementor-nav-menu__container\" aria-hidden=\"true\">\n\t\t\t\t<ul id=\"menu-2-26dbf2d\" class=\"elementor-nav-menu sm-vertical\"><li class=\"menu-item menu-item-type-post_type menu-item-object-page menu-item-131\"><a href=\"https:\/\/souldance.be\/fr\/home-of-centering\/groepspraktijk\/ons-team\/\" class=\"elementor-item\" tabindex=\"-1\">Ons team<\/a><\/li>\n<li class=\"menu-item menu-item-type-post_type menu-item-object-page menu-item-129\"><a href=\"https:\/\/souldance.be\/fr\/home-of-centering\/groepspraktijk\/centering-practioner\/\" class=\"elementor-item\" tabindex=\"-1\">Centering practioner<\/a><\/li>\n<li class=\"menu-item menu-item-type-post_type menu-item-object-page menu-item-128\"><a href=\"https:\/\/souldance.be\/fr\/home-of-centering\/groepspraktijk\/centering-coach\/\" class=\"elementor-item\" tabindex=\"-1\">Centering coach<\/a><\/li>\n<li class=\"menu-item menu-item-type-post_type menu-item-object-page menu-item-127\"><a href=\"https:\/\/souldance.be\/fr\/home-of-centering\/groepspraktijk\/adem-relaxatietherapie\/\" class=\"elementor-item\" tabindex=\"-1\">Adem- &amp; relaxatietherapie<\/a><\/li>\n<li class=\"menu-item menu-item-type-post_type menu-item-object-page menu-item-133\"><a href=\"https:\/\/souldance.be\/fr\/home-of-centering\/groepspraktijk\/integratieve-psychotherapie-i-v\/\" class=\"elementor-item\" tabindex=\"-1\">Integratieve psychotherapie I.V.<\/a><\/li>\n<li class=\"menu-item menu-item-type-post_type menu-item-object-page menu-item-130\"><a href=\"https:\/\/souldance.be\/fr\/home-of-centering\/groepspraktijk\/muziektherapie\/\" class=\"elementor-item\" tabindex=\"-1\">Muziektherapie<\/a><\/li>\n<li class=\"menu-item menu-item-type-post_type menu-item-object-page menu-item-132\"><a href=\"https:\/\/souldance.be\/fr\/home-of-centering\/groepspraktijk\/osteopathie\/\" class=\"elementor-item\" tabindex=\"-1\">Osteopathie<\/a><\/li>\n<li class=\"menu-item menu-item-type-post_type menu-item-object-page menu-item-134\"><a href=\"https:\/\/souldance.be\/fr\/home-of-centering\/groepspraktijk\/therapy-in-motion\/\" class=\"elementor-item\" tabindex=\"-1\">Therapy in motion<\/a><\/li>\n<\/ul>\t\t\t<\/nav>\n\t\t\t\t\t\t<\/div>\n\t\t\t\t<\/div>\n\t\t\t\t<div data-dce-background-color=\"#D0846600\" class=\"elementor-element elementor-element-134f7b7 elementor-widget__width-auto elementor-widget elementor-widget-button\" data-id=\"134f7b7\" data-element_type=\"widget\" data-settings=\"{&quot;_animation_tablet&quot;:&quot;slideInUp&quot;}\" data-widget_type=\"button.default\">\n\t\t\t\t<div class=\"elementor-widget-container\">\n\t\t\t\t\t\t\t\t\t<div class=\"elementor-button-wrapper\">\n\t\t\t\t\t<a class=\"elementor-button elementor-button-link elementor-size-sm\" href=\"https:\/\/souldance.be\/fr\/home-of-centering\/professionele-opleidingen\/\">\n\t\t\t\t\t\t<span class=\"elementor-button-content-wrapper\">\n\t\t\t\t\t\t\t\t\t<span class=\"elementor-button-text\"><span>&lt;<\/span> Terug naar overzicht<\/span>\n\t\t\t\t\t<\/span>\n\t\t\t\t\t<\/a>\n\t\t\t\t<\/div>\n\t\t\t\t\t\t\t\t<\/div>\n\t\t\t\t<\/div>\n\t\t\t\t<\/div>\n\t\t\t\t<\/div>\n\t\t\t\t<\/div>\n\t\t<div class=\"elementor-element elementor-element-1d633a5 e-con-full e-flex e-con e-child\" data-id=\"1d633a5\" data-element_type=\"container\">\n\t\t<div class=\"elementor-element elementor-element-8457371 e-con-full e-flex e-con e-child\" data-id=\"8457371\" data-element_type=\"container\">\n\t\t<div class=\"elementor-element elementor-element-db52008 e-con-full animated-slow e-flex elementor-invisible e-con e-child\" data-id=\"db52008\" data-element_type=\"container\" data-settings=\"{&quot;background_background&quot;:&quot;classic&quot;,&quot;animation&quot;:&quot;zoomIn&quot;}\">\n\t\t\t\t<div class=\"elementor-element elementor-element-e2bfe17 elementor-widget elementor-widget-html\" data-id=\"e2bfe17\" data-element_type=\"widget\" data-widget_type=\"html.default\">\n\t\t\t\t<div class=\"elementor-widget-container\">\n\t\t\t\t\t<video id=\"player\" loop muted autoplay playsinline><\/video>\n\n<script>\nfunction isSafari() {\n    const ua = navigator.userAgent.toLowerCase();\n\n    \/\/ Safari wordt gedetecteerd door 'safari' aanwezig te hebben, maar 'chrome' mag niet aanwezig zijn\n    return \/safari\/.test(ua) && !\/chrome\/.test(ua);\n}\n\nfunction getVideoSource() {\n    const isSafariBrowser = isSafari();\n    const isIOS = \/iphone|ipod|ipad\/.test(navigator.userAgent.toLowerCase()); \/\/ Check voor iOS-apparaten\n\n    \/\/ Als het een Safari-browser is op iOS, geef dan .mov, anders geef .webm\n    if (isSafariBrowser && isIOS) {\n        return 'https:\/\/souldance.be\/wp-content\/uploads\/2025\/03\/Figuur_bruin-1.mov';\n    } \n    \/\/ Als het een Safari-browser is op desktop, geef dan .mov\n    else if (isSafariBrowser && !isIOS) {\n        return 'https:\/\/souldance.be\/wp-content\/uploads\/2025\/03\/Figuur_bruin-1.mov';\n    } \n    \/\/ Anders geef .webm (voor Chrome, Android en alle andere browsers)\n    else {\n        return 'https:\/\/souldance.be\/wp-content\/uploads\/2025\/02\/Figuur_bruin.webm';\n    }\n}\n\nconst player = document.getElementById('player');\nplayer.src = getVideoSource();\n<\/script>\n\t\t\t\t<\/div>\n\t\t\t\t<\/div>\n\t\t\t\t<\/div>\n\t\t<div class=\"elementor-element elementor-element-9957354 e-con-full e-flex elementor-invisible e-con e-child\" data-id=\"9957354\" data-element_type=\"container\" data-settings=\"{&quot;animation&quot;:&quot;fadeIn&quot;}\">\n\t\t\t\t<div class=\"elementor-element elementor-element-4801046 elementor-widget elementor-widget-heading\" data-id=\"4801046\" data-element_type=\"widget\" data-widget_type=\"heading.default\">\n\t\t\t\t<div class=\"elementor-widget-container\">\n\t\t\t\t\t<h2 class=\"elementor-heading-title elementor-size-default\">Integratieve psychotherapie I.V.<\/h2>\t\t\t\t<\/div>\n\t\t\t\t<\/div>\n\t\t<div class=\"elementor-element elementor-element-56013b0 e-con-full e-flex e-con e-child\" data-id=\"56013b0\" data-element_type=\"container\">\n\t\t\t\t<div class=\"elementor-element elementor-element-835ec73 elementor-widget elementor-widget-text-editor\" data-id=\"835ec73\" data-element_type=\"widget\" data-widget_type=\"text-editor.default\">\n\t\t\t\t<div class=\"elementor-widget-container\">\n\t\t\t\t\t\t\t\t\t<p>Interactionele Vormgeving (I.V.) brengt verschillende therapievormen samen in \u00e9\u00e9n krachtig model. Deze integratieve aanpak spreekt jou aan als geheel \u2013 hoofd, hart \u00e9n lichaam \u2013 en ondersteunt je in het herstellen van balans en verbinding.<\/p>\t\t\t\t\t\t\t\t<\/div>\n\t\t\t\t<\/div>\n\t\t\t\t<\/div>\n\t\t<div class=\"elementor-element elementor-element-7135354 e-con-full e-flex e-con e-child\" data-id=\"7135354\" data-element_type=\"container\">\n\t\t\t\t<div data-dce-background-color=\"#D08466\" class=\"elementor-element elementor-element-2ddeefb elementor-widget__width-auto elementor-widget elementor-widget-button\" data-id=\"2ddeefb\" data-element_type=\"widget\" data-widget_type=\"button.default\">\n\t\t\t\t<div class=\"elementor-widget-container\">\n\t\t\t\t\t\t\t\t\t<div class=\"elementor-button-wrapper\">\n\t\t\t\t\t<a class=\"elementor-button elementor-button-link elementor-size-sm\" href=\"mailto:groepspraktijk@souldance.be\" target=\"_blank\">\n\t\t\t\t\t\t<span class=\"elementor-button-content-wrapper\">\n\t\t\t\t\t\t\t\t\t<span class=\"elementor-button-text\">Boek een sessie<\/span>\n\t\t\t\t\t<\/span>\n\t\t\t\t\t<\/a>\n\t\t\t\t<\/div>\n\t\t\t\t\t\t\t\t<\/div>\n\t\t\t\t<\/div>\n\t\t\t\t<div data-dce-background-color=\"#D0846600\" class=\"elementor-element elementor-element-4e624c2 elementor-widget__width-auto elementor-widget elementor-widget-button\" data-id=\"4e624c2\" data-element_type=\"widget\" data-widget_type=\"button.default\">\n\t\t\t\t<div class=\"elementor-widget-container\">\n\t\t\t\t\t\t\t\t\t<div class=\"elementor-button-wrapper\">\n\t\t\t\t\t<a class=\"elementor-button elementor-button-link elementor-size-sm\" href=\"mailto:groepspraktijk@souldance.be\">\n\t\t\t\t\t\t<span class=\"elementor-button-content-wrapper\">\n\t\t\t\t\t\t\t\t\t<span class=\"elementor-button-text\">Vragen? Contacteer ons<\/span>\n\t\t\t\t\t<\/span>\n\t\t\t\t\t<\/a>\n\t\t\t\t<\/div>\n\t\t\t\t\t\t\t\t<\/div>\n\t\t\t\t<\/div>\n\t\t\t\t<\/div>\n\t\t\t\t<\/div>\n\t\t\t\t<\/div>\n\t\t<div class=\"elementor-element elementor-element-5b6c527 e-con-full e-flex e-con e-child\" data-id=\"5b6c527\" data-element_type=\"container\">\n\t\t<div class=\"elementor-element elementor-element-b9c1575 e-con-full e-flex elementor-invisible e-con e-child\" data-id=\"b9c1575\" data-element_type=\"container\" data-settings=\"{&quot;animation&quot;:&quot;fadeInUp&quot;}\">\n\t\t\t\t<div class=\"elementor-element elementor-element-7c9b093 elementor-widget elementor-widget-heading\" data-id=\"7c9b093\" data-element_type=\"widget\" data-widget_type=\"heading.default\">\n\t\t\t\t<div class=\"elementor-widget-container\">\n\t\t\t\t\t<h4 class=\"elementor-heading-title elementor-size-default\">Wat is integratieve psychotherapie?<\/h4>\t\t\t\t<\/div>\n\t\t\t\t<\/div>\n\t\t\t\t<div class=\"elementor-element elementor-element-bc1156f elementor-widget elementor-widget-text-editor\" data-id=\"bc1156f\" data-element_type=\"widget\" data-widget_type=\"text-editor.default\">\n\t\t\t\t<div class=\"elementor-widget-container\">\n\t\t\t\t\t\t\t\t\t<p>Interactionele Vormgeving (I.V.) is een eigentijdse vorm van integratieve psychotherapie die verschillende stromingen samenbrengt in \u00e9\u00e9n geheel. Gesprekstherapie, lichaamsgerichte en creatieve methoden, experi\u00ebnti\u00eble en systemische benaderingen versterken elkaar, zonder hun eigenheid te verliezen.<\/p><p>I.V. vertrekt vanuit het spanningsveld tussen de universaliteit van menselijke problemen en de unieke weg van elke mens. Er is aandacht voor jouw persoonlijke ontwikkeling, maar ook voor existenti\u00eble of spirituele vragen die kunnen meespelen. Zo ontstaat therapie die je op alle niveaus aanspreekt: denken, voelen en ervaren.<\/p>\t\t\t\t\t\t\t\t<\/div>\n\t\t\t\t<\/div>\n\t\t\t\t<\/div>\n\t\t<div class=\"elementor-element elementor-element-45046b0 e-con-full e-flex elementor-invisible e-con e-child\" data-id=\"45046b0\" data-element_type=\"container\" data-settings=\"{&quot;animation&quot;:&quot;fadeInUp&quot;}\">\n\t\t\t\t<div class=\"elementor-element elementor-element-f0bb2a1 elementor-widget elementor-widget-heading\" data-id=\"f0bb2a1\" data-element_type=\"widget\" data-widget_type=\"heading.default\">\n\t\t\t\t<div class=\"elementor-widget-container\">\n\t\t\t\t\t<h4 class=\"elementor-heading-title elementor-size-default\">Voor Wie?<\/h4>\t\t\t\t<\/div>\n\t\t\t\t<\/div>\n\t\t\t\t<div class=\"elementor-element elementor-element-7a777f9 elementor-widget elementor-widget-text-editor\" data-id=\"7a777f9\" data-element_type=\"widget\" data-widget_type=\"text-editor.default\">\n\t\t\t\t<div class=\"elementor-widget-container\">\n\t\t\t\t\t\t\t\t\t<p>Integratieve psychotherapie kan helpend zijn als je:<\/p><ul><li>worstelt met stress, angst, depressie of vermoeidheid<\/li><li>vastzit in patronen of terugkerende thema\u2019s in je leven<\/li><li>moeite hebt met grenzen aangeven, zelfvertrouwen of zelfzorg<\/li><li>kampt met relationele spanningen of communicatieproblemen<\/li><li>ondersteuning zoekt bij verlies, rouw of grote levensveranderingen<\/li><li>existenti\u00eble vragen hebt rond zingeving, identiteit of spiritualiteit<\/li><li>meer verbinding wil ervaren tussen hoofd, hart en lichaam<\/li><\/ul>\t\t\t\t\t\t\t\t<\/div>\n\t\t\t\t<\/div>\n\t\t\t\t<\/div>\n\t\t<div class=\"elementor-element elementor-element-088ccd0 e-con-full e-flex elementor-invisible e-con e-child\" data-id=\"088ccd0\" data-element_type=\"container\" data-settings=\"{&quot;animation&quot;:&quot;fadeInUp&quot;}\">\n\t\t\t\t<div class=\"elementor-element elementor-element-046bd2e elementor-widget elementor-widget-heading\" data-id=\"046bd2e\" data-element_type=\"widget\" data-widget_type=\"heading.default\">\n\t\t\t\t<div class=\"elementor-widget-container\">\n\t\t\t\t\t<h4 class=\"elementor-heading-title elementor-size-default\">Verschillend aanbod<\/h4>\t\t\t\t<\/div>\n\t\t\t\t<\/div>\n\t\t\t\t<div class=\"elementor-element elementor-element-f5cf01f elementor-widget elementor-widget-text-editor\" data-id=\"f5cf01f\" data-element_type=\"widget\" data-widget_type=\"text-editor.default\">\n\t\t\t\t<div class=\"elementor-widget-container\">\n\t\t\t\t\t\t\t\t\t<p>Binnen Souldance en In Resonantie wordt Integratieve Psychotherapie I.V. aangeboden in de vorm van:<\/p><ul><li><strong>Individuele sessies<\/strong> \u2013 met ruimte voor jouw persoonlijke proces<\/li><li><strong>Koppeltherapie<\/strong> \u2013 gericht op groei, verbinding en communicatie binnen relaties<\/li><\/ul>\t\t\t\t\t\t\t\t<\/div>\n\t\t\t\t<\/div>\n\t\t\t\t<\/div>\n\t\t<div class=\"elementor-element elementor-element-ac25b6b e-con-full e-flex elementor-invisible e-con e-child\" data-id=\"ac25b6b\" data-element_type=\"container\" data-settings=\"{&quot;animation&quot;:&quot;fadeInUp&quot;}\">\n\t\t\t\t<div class=\"elementor-element elementor-element-8a1d8da elementor-widget elementor-widget-heading\" data-id=\"8a1d8da\" data-element_type=\"widget\" data-widget_type=\"heading.default\">\n\t\t\t\t<div class=\"elementor-widget-container\">\n\t\t\t\t\t<h4 class=\"elementor-heading-title elementor-size-default\">De therapeut<\/h4>\t\t\t\t<\/div>\n\t\t\t\t<\/div>\n\t\t<a class=\"elementor-element elementor-element-45cf703 e-con-full e-flex e-con e-child\" data-id=\"45cf703\" data-element_type=\"container\" href=\"https:\/\/souldance.be\/fr\/home-of-centering\/groepspraktijk\/ons-team\/\">\n\t\t<div class=\"elementor-element elementor-element-ece6e0c e-con-full e-flex e-con e-child\" data-id=\"ece6e0c\" data-element_type=\"container\">\n\t\t\t\t<div class=\"elementor-element elementor-element-9cb38a6 elementor-widget elementor-widget-image\" data-id=\"9cb38a6\" data-element_type=\"widget\" data-widget_type=\"image.default\">\n\t\t\t\t<div class=\"elementor-widget-container\">\n\t\t\t\t\t\t\t\t\t\t\t\t<figure class=\"wp-caption\">\n\t\t\t\t\t\t\t\t\t\t<img fetchpriority=\"high\" decoding=\"async\" width=\"800\" height=\"534\" src=\"https:\/\/souldance.be\/wp-content\/uploads\/2025\/03\/anja-1024x684.png\" class=\"attachment-large size-large wp-image-7326\" alt=\"\" srcset=\"https:\/\/souldance.be\/wp-content\/uploads\/2025\/03\/anja-1024x684.png 1024w, https:\/\/souldance.be\/wp-content\/uploads\/2025\/03\/anja-300x200.png 300w, https:\/\/souldance.be\/wp-content\/uploads\/2025\/03\/anja-768x513.png 768w, https:\/\/souldance.be\/wp-content\/uploads\/2025\/03\/anja-1536x1026.png 1536w, https:\/\/souldance.be\/wp-content\/uploads\/2025\/03\/anja-2048x1368.png 2048w, https:\/\/souldance.be\/wp-content\/uploads\/2025\/03\/anja-18x12.png 18w\" sizes=\"(max-width: 800px) 100vw, 800px\" \/>\t\t\t\t\t\t\t\t\t\t\t<figcaption class=\"widget-image-caption wp-caption-text\">Anja Calcoen<\/figcaption>\n\t\t\t\t\t\t\t\t\t\t<\/figure>\n\t\t\t\t\t\t\t\t\t<\/div>\n\t\t\t\t<\/div>\n\t\t\t\t<\/div>\n\t\t<div class=\"elementor-element elementor-element-b892ed9 e-con-full e-flex e-con e-child\" data-id=\"b892ed9\" data-element_type=\"container\">\n\t\t\t\t<\/div>\n\t\t<div class=\"elementor-element elementor-element-f3e1c0a e-con-full e-flex e-con e-child\" data-id=\"f3e1c0a\" data-element_type=\"container\">\n\t\t\t\t<\/div>\n\t\t<div class=\"elementor-element elementor-element-6d5f8cc e-con-full e-flex e-con e-child\" data-id=\"6d5f8cc\" data-element_type=\"container\">\n\t\t\t\t<\/div>\n\t\t\t\t<\/a>\n\t\t\t\t<\/div>\n\t\t<div class=\"elementor-element elementor-element-8a5787b e-con-full e-flex elementor-invisible e-con e-child\" data-id=\"8a5787b\" data-element_type=\"container\" data-settings=\"{&quot;animation&quot;:&quot;fadeInUp&quot;}\">\n\t\t\t\t<div class=\"elementor-element elementor-element-fc9e454 elementor-widget elementor-widget-heading\" data-id=\"fc9e454\" data-element_type=\"widget\" data-widget_type=\"heading.default\">\n\t\t\t\t<div class=\"elementor-widget-container\">\n\t\t\t\t\t<h4 class=\"elementor-heading-title elementor-size-default\">Begeleiding<\/h4>\t\t\t\t<\/div>\n\t\t\t\t<\/div>\n\t\t\t\t<div class=\"elementor-element elementor-element-0afbaaf elementor-widget elementor-widget-text-editor\" data-id=\"0afbaaf\" data-element_type=\"widget\" data-widget_type=\"text-editor.default\">\n\t\t\t\t<div class=\"elementor-widget-container\">\n\t\t\t\t\t\t\t\t\t<p>Welke begeleiding is geschikt voor mij? Soms weet je niet goed hoe te beginnen. Graag bekijken we met jou wat welke methodes en begeleiders het beste passen bij jouw noden&amp; vraag, jouw moeilijkheden en jouw persoonlijkheid.<\/p>\t\t\t\t\t\t\t\t<\/div>\n\t\t\t\t<\/div>\n\t\t\t\t<\/div>\n\t\t\t\t<\/div>\n\t\t\t\t<\/div>\n\t\t\t\t<\/div>\n\t\t\t\t\t<\/div>\n\t\t\t\t<\/div>\n\t\t\t\t<\/div>","protected":false},"excerpt":{"rendered":"<p>Home of Centering &gt; Groepspraktijk &gt; Integratieve psychotherapie I.V. &lt; Terug naar overzicht Integratieve psychotherapie I.V. Interactionele Vormgeving (I.V.) brengt verschillende therapievormen samen in \u00e9\u00e9n krachtig model. Deze integratieve aanpak spreekt jou aan als geheel \u2013 hoofd, hart \u00e9n lichaam \u2013 en ondersteunt je in het herstellen van balans en verbinding. Boek een sessie Vragen? [&hellip;]<\/p>","protected":false},"author":3,"featured_media":0,"parent":31,"menu_order":0,"comment_status":"closed","ping_status":"closed","template":"elementor_header_footer","meta":{"_acf_changed":false,"footnotes":""},"class_list":["post-72","page","type-page","status-publish","hentry"],"acf":[],"publishpress_future_action":{"enabled":false,"date":"2026-04-11 01:53:16","action":"change-status","newStatus":"draft","terms":[],"taxonomy":"","extraData":[]},"publishpress_future_workflow_manual_trigger":{"enabledWorkflows":[]},"_links":{"self":[{"href":"https:\/\/souldance.be\/fr\/wp-json\/wp\/v2\/pages\/72","targetHints":{"allow":["GET"]}}],"collection":[{"href":"https:\/\/souldance.be\/fr\/wp-json\/wp\/v2\/pages"}],"about":[{"href":"https:\/\/souldance.be\/fr\/wp-json\/wp\/v2\/types\/page"}],"author":[{"embeddable":true,"href":"https:\/\/souldance.be\/fr\/wp-json\/wp\/v2\/users\/3"}],"replies":[{"embeddable":true,"href":"https:\/\/souldance.be\/fr\/wp-json\/wp\/v2\/comments?post=72"}],"version-history":[{"count":0,"href":"https:\/\/souldance.be\/fr\/wp-json\/wp\/v2\/pages\/72\/revisions"}],"up":[{"embeddable":true,"href":"https:\/\/souldance.be\/fr\/wp-json\/wp\/v2\/pages\/31"}],"wp:attachment":[{"href":"https:\/\/souldance.be\/fr\/wp-json\/wp\/v2\/media?parent=72"}],"curies":[{"name":"wp","href":"https:\/\/api.w.org\/{rel}","templated":true}]}}